{"id":26,"date":"2022-08-05T01:37:13","date_gmt":"2022-08-05T01:37:13","guid":{"rendered":"https:\/\/brasfer.fabiomarcelino.com\/?page_id=26"},"modified":"2022-12-07T13:55:09","modified_gmt":"2022-12-07T13:55:09","slug":"empresa2","status":"publish","type":"page","link":"https:\/\/brasfer.com\/es\/empresa2\/","title":{"rendered":"Conoce <strong>Brasfer<\/strong>"},"content":{"rendered":"<h1><span class=\"TextRun SCXW267133079 BCX0\" lang=\"PT-PT\" xml:lang=\"PT-PT\" data-contrast=\"none\"><span class=\"NormalTextRun SCXW267133079 BCX0\">Conoce <strong>Brasfer<\/strong><\/span><\/span><\/h1>\n<p>Dise\u00f1amos m\u00e1quinas especiales y equipos industriales para satisfacer las necesidades reales de nuestros clientes, estableciendo as\u00ed una asociaci\u00f3n en el desarrollo de soluciones modernas y pr\u00e1cticas.<\/p>\n<p>A Brasfer Ferramentaria foi fundada e iniciou suas atividades em 20 de Mar\u00e7o de 2001 contando com grande experi\u00eancia no ramo de confec\u00e7\u00e3o de dispositivos, ferramentas e usinagem t\u00e9cnica.<\/p>\n<p>Contamos com o que h\u00e1 de mais moderno e eficiente em m\u00e1quinas e equipamentos, com uma equipe de profissionais altamente qualificados. No conceito tecnol\u00f3gico os trabalhos s\u00e3o desenvolvidos atrav\u00e9s de software 3D, oferecendo aos clientes uma real vis\u00e3o de seus projetos. Numa estreita parceria entre fornecedores e clientes, a Brasfer vem a cada ano, conquistando padr\u00f5es cada vez melhores de produtividade, qualidade, competitividade e tecnologia.\u201cSatisfa\u00e7\u00e3o total de nossos clientes\u201d. Este \u00e9 nosso objetivo final.<\/p>\n<p>B uscar a melhoria cont\u00ednua de nossos produtos e servi\u00e7os;<\/p>\n<p>R ealizar treinamento em nossos recursos humanos;<\/p>\n<p>A poiar atividades sociais na comunidade; S atisfazer as necessidades de nossos clientes;<\/p>\n<p>F ornecer solu\u00e7\u00f5es t\u00e9cnicas em pe\u00e7as e equipamentos;<\/p>\n<p>E stabelecer uma rela\u00e7\u00e3o de parceria com os clientes e fornecedores;<\/p>\n<p>R espeitar o meio ambiente em todas as fases do processo produtivo.<\/p>","protected":false},"excerpt":{"rendered":"<p>Conhe\u00e7a a Brasfer Projetamos m\u00e1quinas especiais e equipamentos industriais para suprir a real necessidade de nossos clientes, estabelecendo assim uma parceria no desenvolvimento de solu\u00e7\u00f5es modernas e pr\u00e1ticas. A Brasfer Ferramentaria foi fundada e iniciou suas atividades em 20 de Mar\u00e7o de 2001 contando com grande experi\u00eancia no ramo de confec\u00e7\u00e3o de dispositivos, ferramentas e [&hellip;]<\/p>","protected":false},"author":1,"featured_media":0,"parent":0,"menu_order":0,"comment_status":"closed","ping_status":"closed","template":"","meta":{"_joinchat":[],"footnotes":""},"class_list":["post-26","page","type-page","status-publish","hentry"],"_links":{"self":[{"href":"https:\/\/brasfer.com\/es\/wp-json\/wp\/v2\/pages\/26","targetHints":{"allow":["GET"]}}],"collection":[{"href":"https:\/\/brasfer.com\/es\/wp-json\/wp\/v2\/pages"}],"about":[{"href":"https:\/\/brasfer.com\/es\/wp-json\/wp\/v2\/types\/page"}],"author":[{"embeddable":true,"href":"https:\/\/brasfer.com\/es\/wp-json\/wp\/v2\/users\/1"}],"replies":[{"embeddable":true,"href":"https:\/\/brasfer.com\/es\/wp-json\/wp\/v2\/comments?post=26"}],"version-history":[{"count":7,"href":"https:\/\/brasfer.com\/es\/wp-json\/wp\/v2\/pages\/26\/revisions"}],"predecessor-version":[{"id":736,"href":"https:\/\/brasfer.com\/es\/wp-json\/wp\/v2\/pages\/26\/revisions\/736"}],"wp:attachment":[{"href":"https:\/\/brasfer.com\/es\/wp-json\/wp\/v2\/media?parent=26"}],"curies":[{"name":"wp","href":"https:\/\/api.w.org\/{rel}","templated":true}]}}